{"id":402,"date":"2025-09-18T15:45:17","date_gmt":"2025-09-18T15:45:17","guid":{"rendered":"https:\/\/cambio.viralgame.us\/wp\/?post_type=product&#038;p=402"},"modified":"2025-09-18T15:45:17","modified_gmt":"2025-09-18T15:45:17","slug":"desodorizador-de-cascos-alien-pilot","status":"publish","type":"product","link":"https:\/\/cambio.viralgame.us\/wp\/producto\/desodorizador-de-cascos-alien-pilot\/","title":{"rendered":"DESODORIZADOR DE CASCOS ALIEN PILOT"},"content":{"rendered":"<div>Descripci\u00f3n:<\/div>\n<div>El desodorizador de cascos elimina de manera efectiva los malos olores causados por el sudor y la humedad, dejando una sensaci\u00f3n de frescura e higiene despu\u00e9s de cada uso. Su f\u00f3rmula est\u00e1 dise\u00f1ada para proteger los interiores del casco sin da\u00f1arlos, brindando comodidad y confianza al conducir.<\/div>\n<div><\/div>\n<div>Caracter\u00edsticas principales:<\/div>\n<div>\u2022\u2714\ufe0f Neutraliza malos olores al instante.<\/div>\n<div>\u2022\u2714\ufe0f Aporta frescura duradera.<\/div>\n<div>\u2022\u2714\ufe0f F\u00f3rmula segura para interiores de casco (espumas y textiles).<\/div>\n<div>\u2022\u2714\ufe0f F\u00e1cil aplicaci\u00f3n en spray.<\/div>\n<div>\u2022\u2714\ufe0f Ayuda a mantener la higiene y prolongar la vida \u00fatil del casco.<\/div>\n<div>\u2022\u2714\ufe0f Puede usarse tambi\u00e9n en guantes y chaquetas.<\/div>\n","protected":false},"excerpt":{"rendered":"<p>Descripci\u00f3n: El desodorizador de cascos elimina de manera efectiva los malos olores causados por el sudor y la humedad, dejando una sensaci\u00f3n de frescura e higiene despu\u00e9s de cada uso. Su f\u00f3rmula est\u00e1 dise\u00f1ada para proteger los interiores del casco sin da\u00f1arlos, brindando comodidad y confianza al conducir. Caracter\u00edsticas principales: \u2022\u2714\ufe0f Neutraliza malos olores al [&hellip;]<\/p>\n","protected":false},"featured_media":404,"comment_status":"open","ping_status":"closed","template":"","meta":[],"product_brand":[],"product_cat":[22],"product_tag":[],"class_list":{"0":"post-402","1":"product","2":"type-product","3":"status-publish","4":"has-post-thumbnail","6":"product_cat-productos","8":"first","9":"instock","10":"shipping-taxable","11":"purchasable","12":"product-type-simple"},"_links":{"self":[{"href":"https:\/\/cambio.viralgame.us\/wp\/wp-json\/wp\/v2\/product\/402","targetHints":{"allow":["GET"]}}],"collection":[{"href":"https:\/\/cambio.viralgame.us\/wp\/wp-json\/wp\/v2\/product"}],"about":[{"href":"https:\/\/cambio.viralgame.us\/wp\/wp-json\/wp\/v2\/types\/product"}],"replies":[{"embeddable":true,"href":"https:\/\/cambio.viralgame.us\/wp\/wp-json\/wp\/v2\/comments?post=402"}],"wp:featuredmedia":[{"embeddable":true,"href":"https:\/\/cambio.viralgame.us\/wp\/wp-json\/wp\/v2\/media\/404"}],"wp:attachment":[{"href":"https:\/\/cambio.viralgame.us\/wp\/wp-json\/wp\/v2\/media?parent=402"}],"wp:term":[{"taxonomy":"product_brand","embeddable":true,"href":"https:\/\/cambio.viralgame.us\/wp\/wp-json\/wp\/v2\/product_brand?post=402"},{"taxonomy":"product_cat","embeddable":true,"href":"https:\/\/cambio.viralgame.us\/wp\/wp-json\/wp\/v2\/product_cat?post=402"},{"taxonomy":"product_tag","embeddable":true,"href":"https:\/\/cambio.viralgame.us\/wp\/wp-json\/wp\/v2\/product_tag?post=402"}],"curies":[{"name":"wp","href":"https:\/\/api.w.org\/{rel}","templated":true}]}}