{"id":76,"date":"2018-08-17T19:16:44","date_gmt":"2018-08-17T19:16:44","guid":{"rendered":"http:\/\/cambio.viralgame.in\/wp\/?post_type=product&#038;p=76"},"modified":"2025-03-27T14:43:43","modified_gmt":"2025-03-27T14:43:43","slug":"cartagena-3-noches","status":"publish","type":"product","link":"https:\/\/cambio.viralgame.us\/wp\/producto\/cartagena-3-noches\/","title":{"rendered":"Cartagena 3 Noches"},"content":{"rendered":"<ul>\n<li>Tiquete A\u00e9reo Bogot\u00e1- Cartagena \u2013Bogot\u00e1. (Vuelo directo)<\/li>\n<li>Alojamiento 4 Noches seg\u00fan horario de vuelo disponible, (en acomodaciones m\u00faltiples).<\/li>\n<li>Oferta vigente desde el 21-08-2025 hasta el 21-10-2025.<\/li>\n<li>Aplica para acomodaci\u00f3n: Doble, Triple o Cu\u00e1druple a tu elecci\u00f3n<\/li>\n<li>Check in \/ Check out: 15.00 \/\/ 13.00<\/li>\n<li>Puedes reservar inmediatamente hagas el Exchange por tus Tokens<\/li>\n<li>Recuerda que la aprobaci\u00f3n de la reserva puede tardar de 10 a 20 dias h\u00e1biles<\/li>\n<li>La disponibilidad para la fecha que deseas viajar solo estar\u00e1 vigente por el d\u00eda en que la solicitaste.<\/li>\n<li>Alimentaci\u00f3n sujeta al plan y de acuerdo al hotel que escojas<\/li>\n<li>Vuelo en aerol\u00ednea de Bajo costo y seg\u00fan disponibilidad<\/li>\n<li>Equipaje sujeto a pol\u00edticas de la aerol\u00ednea<\/li>\n<li>Personas validas por Exchange: 1<\/li>\n<li>Salidas UNICAMENTE desde Bogot\u00e1<\/li>\n<li>9 Hoteles para que elijas el q mas te guste<\/li>\n<li>Consulta las pol\u00edticas de Alojamiento directamente en el Hotel que elijas.<\/li>\n<li>Cualquier cambio o cancelaci\u00f3n esta sujeta a penalidad.<\/li>\n<li>Revisa nuestras\u00a0<a href=\"https:\/\/www.cuponatic.com.co\/condiciones-generales\" target=\"_blank\" rel=\"noopener\">condiciones generales<\/a>\u00a0que aplican a todas las ofertas.<\/li>\n<\/ul>\n<h2>NO INCLUYE<\/h2>\n<p>Actividades no especificadas<\/p>\n<p>Impuestos<\/p>\n<p>Tasas aeroportuarias<\/p>\n<p>Comidas y\/o bebidas ilimitadas<\/p>\n<p>Traslados<\/p>\n<p>Temporada Alta<\/p>\n<p>&nbsp;<\/p>\n<p>&nbsp;<\/p>\n<h2>Vencimiento:<\/h2>\n<ul>\n<li>Si compras hoy, ser\u00e1 v\u00e1lido para redimir hasta el 16-11-2025<\/li>\n<\/ul>\n","protected":false},"excerpt":{"rendered":"<p>Tiquete A\u00e9reo Bogot\u00e1- Cartagena \u2013Bogot\u00e1. (Vuelo directo) Alojamiento 4 Noches seg\u00fan horario de vuelo disponible, (en acomodaciones m\u00faltiples). Oferta vigente desde el 21-08-2025 hasta el 21-10-2025. Aplica para acomodaci\u00f3n: Doble, Triple o Cu\u00e1druple a tu elecci\u00f3n Check in \/ Check out: 15.00 \/\/ 13.00 Puedes reservar inmediatamente hagas el Exchange por tus Tokens Recuerda que [&hellip;]<\/p>\n","protected":false},"featured_media":77,"comment_status":"open","ping_status":"closed","template":"","meta":[],"product_brand":[],"product_cat":[18],"product_tag":[],"class_list":{"0":"post-76","1":"product","2":"type-product","3":"status-publish","4":"has-post-thumbnail","6":"product_cat-viajes","8":"first","9":"instock","10":"shipping-taxable","11":"purchasable","12":"product-type-simple"},"_links":{"self":[{"href":"https:\/\/cambio.viralgame.us\/wp\/wp-json\/wp\/v2\/product\/76","targetHints":{"allow":["GET"]}}],"collection":[{"href":"https:\/\/cambio.viralgame.us\/wp\/wp-json\/wp\/v2\/product"}],"about":[{"href":"https:\/\/cambio.viralgame.us\/wp\/wp-json\/wp\/v2\/types\/product"}],"replies":[{"embeddable":true,"href":"https:\/\/cambio.viralgame.us\/wp\/wp-json\/wp\/v2\/comments?post=76"}],"wp:featuredmedia":[{"embeddable":true,"href":"https:\/\/cambio.viralgame.us\/wp\/wp-json\/wp\/v2\/media\/77"}],"wp:attachment":[{"href":"https:\/\/cambio.viralgame.us\/wp\/wp-json\/wp\/v2\/media?parent=76"}],"wp:term":[{"taxonomy":"product_brand","embeddable":true,"href":"https:\/\/cambio.viralgame.us\/wp\/wp-json\/wp\/v2\/product_brand?post=76"},{"taxonomy":"product_cat","embeddable":true,"href":"https:\/\/cambio.viralgame.us\/wp\/wp-json\/wp\/v2\/product_cat?post=76"},{"taxonomy":"product_tag","embeddable":true,"href":"https:\/\/cambio.viralgame.us\/wp\/wp-json\/wp\/v2\/product_tag?post=76"}],"curies":[{"name":"wp","href":"https:\/\/api.w.org\/{rel}","templated":true}]}}